{"id":780,"date":"2025-02-28T16:37:05","date_gmt":"2025-02-28T16:37:05","guid":{"rendered":"https:\/\/osteopatamartina.com\/?page_id=780"},"modified":"2025-09-29T08:55:28","modified_gmt":"2025-09-29T08:55:28","slug":"sobre-mi","status":"publish","type":"page","link":"https:\/\/osteopatamartina.com\/index.php\/sobre-mi\/","title":{"rendered":"SOBRE MI"},"content":{"rendered":"<style>.kb-row-layout-id780_192796-2f > .kt-row-column-wrap{align-content:center;}:where(.kb-row-layout-id780_192796-2f > .kt-row-column-wrap) > .wp-block-kadence-column{justify-content:center;}.kb-row-layout-id780_192796-2f > .kt-row-column-wrap{column-gap:var(--global-kb-gap-md, 2rem);row-gap:var(--global-kb-gap-md, 2rem);max-width:var( --global-content-width, 1290px );padding-left:var(--global-content-edge-padding);padding-right:var(--global-content-edge-padding);padding-top:var(--global-kb-spacing-3xl, 6.5rem);padding-bottom:var(--global-kb-spacing-5xl, 10rem);grid-template-columns:repeat(2, minmax(0, 1fr));}.kb-row-layout-id780_192796-2f > .kt-row-layout-overlay{opacity:0.30;}.kb-row-layout-id780_192796-2f .kt-row-layout-bottom-sep{height:100px;}.kb-row-layout-id780_192796-2f .kt-row-layout-bottom-sep svg{width:100%;}.kb-row-layout-id780_192796-2f .kt-row-layout-bottom-sep svg{fill:var(--global-palette9, #ffffff)!important;}@media all and (max-width: 1024px){.kb-row-layout-id780_192796-2f > .kt-row-column-wrap{grid-template-columns:minmax(0, 1fr);}}@media all and (max-width: 1024px){.kb-row-layout-id780_192796-2f .kt-row-layout-bottom-sep{height:px;}}@media all and (max-width: 1024px){.kb-row-layout-id780_192796-2f .kt-row-layout-bottom-sep svg{width:%;}}@media all and (max-width: 767px){.kb-row-layout-id780_192796-2f > .kt-row-column-wrap{grid-template-columns:minmax(0, 1fr);}.kb-row-layout-id780_192796-2f .kt-row-layout-bottom-sep{height:px;}.kb-row-layout-id780_192796-2f .kt-row-layout-bottom-sep svg{width:%;}}.kb-row-layout-id780_192796-2f .absolute {\\n  position: absolute;\\n  width: 400px;\\n  top: -200px;\\n  right: -180px;\\n}\\n.kb-row-layout-id780_192796-2f .low-index {\\n  z-index: 1;\\n}\\n.kb-row-layout-id780_192796-2f {\\n  overflow: hidden;\\n}<\/style><div class=\"kb-row-layout-wrap kb-row-layout-id780_192796-2f alignnone has-theme-palette8-background-color kt-row-has-bg wp-block-kadence-rowlayout\"><div class=\"kt-row-layout-bottom-sep kt-row-sep-type-crvi\"><svg viewBox=\"0 0 1000 100\" preserveAspectRatio=\"none\"><path d=\"M1000,0c0,0 -270.987,98 -500,98c-229.013,0 -500,-98 -500,-98l0,100l1000,0l0,-100Z\" \/><\/svg><\/div><div class=\"kt-row-column-wrap kt-has-2-columns kt-row-layout-equal kt-tab-layout-row kt-mobile-layout-row kt-row-valign-middle kb-theme-content-width\">\n<style>.kadence-column780_8e5188-61 > .kt-inside-inner-col,.kadence-column780_8e5188-61 > .kt-inside-inner-col:before{border-top-left-radius:0px;border-top-right-radius:0px;border-bottom-right-radius:0px;border-bottom-left-radius:0px;}.kadence-column780_8e5188-61 > .kt-inside-inner-col{column-gap:var(--global-kb-gap-sm, 1rem);}.kadence-column780_8e5188-61 > .kt-inside-inner-col{flex-direction:column;}.kadence-column780_8e5188-61 > .kt-inside-inner-col > .aligncenter{width:100%;}.kadence-column780_8e5188-61 > .kt-inside-inner-col:before{opacity:0.3;}.kadence-column780_8e5188-61{position:relative;}@media all and (max-width: 1024px){.kadence-column780_8e5188-61 > .kt-inside-inner-col{flex-direction:column;}}@media all and (max-width: 767px){.kadence-column780_8e5188-61 > .kt-inside-inner-col{flex-direction:column;}}<\/style>\n<div class=\"wp-block-kadence-column kadence-column780_8e5188-61 inner-column-2\"><div class=\"kt-inside-inner-col\"><\/div><\/div>\n\n\n<style>.kadence-column780_347681-52 > .kt-inside-inner-col,.kadence-column780_347681-52 > .kt-inside-inner-col:before{border-top-left-radius:0px;border-top-right-radius:0px;border-bottom-right-radius:0px;border-bottom-left-radius:0px;}.kadence-column780_347681-52 > .kt-inside-inner-col{column-gap:var(--global-kb-gap-sm, 1rem);}.kadence-column780_347681-52 > .kt-inside-inner-col{flex-direction:column;}.kadence-column780_347681-52 > .kt-inside-inner-col > .aligncenter{width:100%;}.kadence-column780_347681-52 > .kt-inside-inner-col:before{opacity:0.3;}.kadence-column780_347681-52{position:relative;}@media all and (max-width: 1024px){.kadence-column780_347681-52 > .kt-inside-inner-col{flex-direction:column;}}@media all and (max-width: 767px){.kadence-column780_347681-52 > .kt-inside-inner-col{flex-direction:column;}}<\/style>\n<div class=\"wp-block-kadence-column kadence-column780_347681-52\"><div class=\"kt-inside-inner-col\"><\/div><\/div>\n\n<\/div><\/div>\n\n<style>.kb-row-layout-id780_f85024-a5 > .kt-row-column-wrap{align-content:start;}:where(.kb-row-layout-id780_f85024-a5 > .kt-row-column-wrap) > .wp-block-kadence-column{justify-content:start;}.kb-row-layout-id780_f85024-a5 > .kt-row-column-wrap{column-gap:var(--global-kb-gap-md, 2rem);row-gap:var(--global-kb-gap-md, 2rem);max-width:var( --global-content-width, 1290px );padding-left:var(--global-content-edge-padding);padding-right:var(--global-content-edge-padding);padding-top:var(--global-kb-spacing-4xl, 8rem);grid-template-columns:minmax(0, 1fr);}.kb-row-layout-id780_f85024-a5 > .kt-row-layout-overlay{opacity:0.30;}@media all and (max-width: 1024px){.kb-row-layout-id780_f85024-a5 > .kt-row-column-wrap{grid-template-columns:minmax(0, 1fr);}}@media all and (max-width: 767px){.kb-row-layout-id780_f85024-a5 > .kt-row-column-wrap{grid-template-columns:minmax(0, 1fr);}}<\/style><div class=\"kb-row-layout-wrap kb-row-layout-id780_f85024-a5 alignnone has-theme-palette9-background-color kt-row-has-bg wp-block-kadence-rowlayout\"><div class=\"kt-row-column-wrap kt-has-1-columns kt-row-layout-equal kt-tab-layout-inherit kt-mobile-layout-row kt-row-valign-top kb-theme-content-width\">\n<style>.kadence-column780_ed9ffa-71 > .kt-inside-inner-col,.kadence-column780_ed9ffa-71 > .kt-inside-inner-col:before{border-top-left-radius:0px;border-top-right-radius:0px;border-bottom-right-radius:0px;border-bottom-left-radius:0px;}.kadence-column780_ed9ffa-71 > .kt-inside-inner-col{column-gap:var(--global-kb-gap-sm, 1rem);}.kadence-column780_ed9ffa-71 > .kt-inside-inner-col{flex-direction:column;}.kadence-column780_ed9ffa-71 > .kt-inside-inner-col > .aligncenter{width:100%;}.kadence-column780_ed9ffa-71 > .kt-inside-inner-col:before{opacity:0.3;}.kadence-column780_ed9ffa-71{position:relative;}@media all and (max-width: 1024px){.kadence-column780_ed9ffa-71 > .kt-inside-inner-col{flex-direction:column;}}@media all and (max-width: 767px){.kadence-column780_ed9ffa-71 > .kt-inside-inner-col{flex-direction:column;}}<\/style>\n<div class=\"wp-block-kadence-column kadence-column780_ed9ffa-71 inner-column-1\"><div class=\"kt-inside-inner-col\"><style>.wp-block-kadence-advancedheading.kt-adv-heading780_7fc424-3c, .wp-block-kadence-advancedheading.kt-adv-heading780_7fc424-3c[data-kb-block=\"kb-adv-heading780_7fc424-3c\"]{padding-top:0px;margin-bottom:0px;text-align:center;font-size:170px;line-height:14px;font-weight:400;font-style:normal;font-family:'Mrs Saint Delafield';text-transform:lowercase;}.wp-block-kadence-advancedheading.kt-adv-heading780_7fc424-3c mark.kt-highlight, .wp-block-kadence-advancedheading.kt-adv-heading780_7fc424-3c[data-kb-block=\"kb-adv-heading780_7fc424-3c\"] mark.kt-highlight{font-style:normal;color:#f76a0c;-webkit-box-decoration-break:clone;box-decoration-break:clone;padding-top:0px;padding-right:0px;padding-bottom:0px;padding-left:0px;}@media all and (max-width: 767px){.wp-block-kadence-advancedheading.kt-adv-heading780_7fc424-3c, .wp-block-kadence-advancedheading.kt-adv-heading780_7fc424-3c[data-kb-block=\"kb-adv-heading780_7fc424-3c\"]{font-size:100px;}}<\/style>\n<h2 class=\"kt-adv-heading780_7fc424-3c wp-block-kadence-advancedheading has-theme-palette-7-color has-text-color\" data-kb-block=\"kb-adv-heading780_7fc424-3c\"><br>martina\u00a0<\/h2>\n\n\n<style>.wp-block-kadence-advancedheading.kt-adv-heading780_9f54ad-10, .wp-block-kadence-advancedheading.kt-adv-heading780_9f54ad-10[data-kb-block=\"kb-adv-heading780_9f54ad-10\"]{text-align:center;font-style:normal;}.wp-block-kadence-advancedheading.kt-adv-heading780_9f54ad-10 mark.kt-highlight, .wp-block-kadence-advancedheading.kt-adv-heading780_9f54ad-10[data-kb-block=\"kb-adv-heading780_9f54ad-10\"] mark.kt-highlight{font-style:normal;color:#f76a0c;-webkit-box-decoration-break:clone;box-decoration-break:clone;padding-top:0px;padding-right:0px;padding-bottom:0px;padding-left:0px;}<\/style>\n<h2 class=\"kt-adv-heading780_9f54ad-10 wp-block-kadence-advancedheading\" data-kb-block=\"kb-adv-heading780_9f54ad-10\">SOBRE MI\u00a0<\/h2>\n\n\n\n<p class=\"has-text-align-center\"><br><em>La importancia del bienestar de cuerpo, mente y alma a 360 grados\u00a0<\/em><\/p>\n\n\n<style>.kb-row-layout-wrap.wp-block-kadence-rowlayout.kb-row-layout-id780_8c38e0-1a{margin-top:60px;}.kb-row-layout-id780_8c38e0-1a > .kt-row-column-wrap{align-content:center;}:where(.kb-row-layout-id780_8c38e0-1a > .kt-row-column-wrap) > .wp-block-kadence-column{justify-content:center;}.kb-row-layout-id780_8c38e0-1a > .kt-row-column-wrap{column-gap:80px;row-gap:var(--global-kb-gap-md, 2rem);padding-top:0px;padding-right:25px;padding-bottom:187px;padding-left:25px;grid-template-columns:repeat(2, minmax(0, 1fr));}.kb-row-layout-id780_8c38e0-1a > .kt-row-layout-overlay{opacity:0.30;}@media all and (max-width: 1024px){.kb-row-layout-id780_8c38e0-1a > .kt-row-column-wrap{grid-template-columns:repeat(2, minmax(0, 1fr));}}@media all and (max-width: 767px){.kb-row-layout-id780_8c38e0-1a > .kt-row-column-wrap{padding-right:20px;padding-left:20px;grid-template-columns:minmax(0, 1fr);}}<\/style><div class=\"kb-row-layout-wrap kb-row-layout-id780_8c38e0-1a alignnone has-theme-palette9-background-color kt-row-has-bg wp-block-kadence-rowlayout\"><div class=\"kt-row-column-wrap kt-has-2-columns kt-row-layout-equal kt-tab-layout-inherit kt-mobile-layout-row kt-row-valign-middle\">\n<style>.kadence-column780_6c1a30-17 > .kt-inside-inner-col,.kadence-column780_6c1a30-17 > .kt-inside-inner-col:before{border-top-left-radius:0px;border-top-right-radius:0px;border-bottom-right-radius:0px;border-bottom-left-radius:0px;}.kadence-column780_6c1a30-17 > .kt-inside-inner-col{column-gap:var(--global-kb-gap-sm, 1rem);}.kadence-column780_6c1a30-17 > .kt-inside-inner-col{flex-direction:column;}.kadence-column780_6c1a30-17 > .kt-inside-inner-col > .aligncenter{width:100%;}.kadence-column780_6c1a30-17 > .kt-inside-inner-col:before{opacity:0.3;}.kadence-column780_6c1a30-17{position:relative;}@media all and (max-width: 1024px){.kadence-column780_6c1a30-17 > .kt-inside-inner-col{flex-direction:column;}}@media all and (max-width: 767px){.kadence-column780_6c1a30-17 > .kt-inside-inner-col{flex-direction:column;}}<\/style>\n<div class=\"wp-block-kadence-column kadence-column780_6c1a30-17 inner-column-2\"><div class=\"kt-inside-inner-col\">\n<figure class=\"wp-block-image size-large\"><img loading=\"lazy\" decoding=\"async\" width=\"861\" height=\"1024\" src=\"https:\/\/osteopatamartina.com\/wp-content\/uploads\/2025\/02\/martina-861x1024.jpg\" alt=\"\" class=\"wp-image-664\" srcset=\"https:\/\/osteopatamartina.com\/wp-content\/uploads\/2025\/02\/martina-861x1024.jpg 861w, https:\/\/osteopatamartina.com\/wp-content\/uploads\/2025\/02\/martina-252x300.jpg 252w, https:\/\/osteopatamartina.com\/wp-content\/uploads\/2025\/02\/martina-768x913.jpg 768w, https:\/\/osteopatamartina.com\/wp-content\/uploads\/2025\/02\/martina.jpg 937w\" sizes=\"auto, (max-width: 861px) 100vw, 861px\" \/><\/figure>\n<\/div><\/div>\n\n\n<style>.kadence-column780_ae1fc4-4a > .kt-inside-inner-col,.kadence-column780_ae1fc4-4a > .kt-inside-inner-col:before{border-top-left-radius:0px;border-top-right-radius:0px;border-bottom-right-radius:0px;border-bottom-left-radius:0px;}.kadence-column780_ae1fc4-4a > .kt-inside-inner-col{column-gap:var(--global-kb-gap-sm, 1rem);}.kadence-column780_ae1fc4-4a > .kt-inside-inner-col{flex-direction:column;}.kadence-column780_ae1fc4-4a > .kt-inside-inner-col > .aligncenter{width:100%;}.kadence-column780_ae1fc4-4a > .kt-inside-inner-col:before{opacity:0.3;}.kadence-column780_ae1fc4-4a{position:relative;}@media all and (max-width: 1024px){.kadence-column780_ae1fc4-4a > .kt-inside-inner-col{flex-direction:column;}}@media all and (max-width: 767px){.kadence-column780_ae1fc4-4a > .kt-inside-inner-col{flex-direction:column;}}<\/style>\n<div class=\"wp-block-kadence-column kadence-column780_ae1fc4-4a\"><div class=\"kt-inside-inner-col\">\n<p>Me llamo Martina, soy oste\u00f3pata y mam\u00e1 de Olivia y Luna. Estudi\u00e9 osteopat\u00eda en Italia, en Soma Instituto Osteopatia Milano, y despu\u00e9s de 5 a\u00f1os decid\u00ed especializarme en osteopat\u00eda pedi\u00e1trica, en embarazo y posparto y en osteopat\u00eda en \u00e1mbito odontol\u00f3gico. Hice tambi\u00e9n una maravillosa cuanto fuerte experiencia de voluntariado osteopatico con beb\u00e9s prematuros en la terapia intensiva del hospital de los ni\u00f1os \u201cBuzzi\u201d de Milano.<\/p>\n\n\n\n<p>Llevo 2 a\u00f1os en Lanzarote acompa\u00f1ando a las familias desde el embarazo hasta el posparto, apoyando la lactancia (materna, mixta y con formula), el desarrollo de los beb\u00e9s y de los ni\u00f1os.<\/p>\n\n\n\n<p>Colaboro con otros profesionales cuales matronas, logopedas, odont\u00f3logas, pediatras, consulentes de lactancia, terapeutas ocupacionales y fisioterapeutas para atender a las personas a 360 grados. Para complementar mi percurso decid\u00ed formarme en la escuela Sans Yoga de Barcelona para poder acompa\u00f1ar a las mujeres a trav\u00e9s del yoga flow prenatal y posnatal, enfocando las practicas en el movimiento, respiraci\u00f3n y visualizaci\u00f3n.&nbsp;<\/p>\n<\/div><\/div>\n\n<\/div><\/div><\/div><\/div>\n\n<\/div><\/div>\n\n\n<p><\/p>\n","protected":false},"excerpt":{"rendered":"<p>martina\u00a0 SOBRE MI\u00a0 La importancia del bienestar de cuerpo, mente y alma a 360 grados\u00a0 Me llamo Martina, soy oste\u00f3pata y mam\u00e1 de Olivia y Luna. Estudi\u00e9 osteopat\u00eda en Italia,&#8230;<\/p>\n","protected":false},"author":1,"featured_media":1081,"parent":0,"menu_order":0,"comment_status":"closed","ping_status":"closed","template":"","meta":{"_EventAllDay":false,"_EventTimezone":"","_EventStartDate":"","_EventEndDate":"","_EventStartDateUTC":"","_EventEndDateUTC":"","_EventShowMap":false,"_EventShowMapLink":false,"_EventURL":"","_EventCost":"","_EventCostDescription":"","_EventCurrencySymbol":"","_EventCurrencyCode":"","_EventCurrencyPosition":"","_EventDateTimeSeparator":"","_EventTimeRangeSeparator":"","_EventOrganizerID":[],"_EventVenueID":[],"_OrganizerEmail":"","_OrganizerPhone":"","_OrganizerWebsite":"","_VenueAddress":"","_VenueCity":"","_VenueCountry":"","_VenueProvince":"","_VenueState":"","_VenueZip":"","_VenuePhone":"","_VenueURL":"","_VenueStateProvince":"","_VenueLat":"","_VenueLng":"","_VenueShowMap":false,"_VenueShowMapLink":false,"_kadence_starter_templates_imported_post":true,"_kad_post_transparent":"","_kad_post_title":"hide","_kad_post_layout":"fullwidth","_kad_post_sidebar_id":"","_kad_post_content_style":"unboxed","_kad_post_vertical_padding":"hide","_kad_post_feature":"hide","_kad_post_feature_position":"","_kad_post_header":false,"_kad_post_footer":false,"footnotes":""},"class_list":["post-780","page","type-page","status-publish","has-post-thumbnail","hentry"],"yoast_head":"<!-- This site is optimized with the Yoast SEO plugin v24.6 - https:\/\/yoast.com\/wordpress\/plugins\/seo\/ -->\n<title>SOBRE MI - Osteopata Martina<\/title>\n<meta name=\"description\" content=\"Oste\u00f3pata Martina - Oste\u00f3pata pedi\u00e1trica y para la mujer - SOBRE MI - La importancia del bienestar de cuerpo, mente y alma a 360 grados\" \/>\n<meta name=\"robots\" content=\"index, follow, max-snippet:-1, max-image-preview:large, max-video-preview:-1\" \/>\n<link rel=\"canonical\" href=\"https:\/\/osteopatamartina.com\/index.php\/sobre-mi\/\" \/>\n<meta property=\"og:locale\" content=\"it_IT\" \/>\n<meta property=\"og:type\" content=\"article\" \/>\n<meta property=\"og:title\" content=\"SOBRE MI - Osteopata Martina\" \/>\n<meta property=\"og:description\" content=\"Oste\u00f3pata Martina - Oste\u00f3pata pedi\u00e1trica y para la mujer - SOBRE MI - La importancia del bienestar de cuerpo, mente y alma a 360 grados\" \/>\n<meta property=\"og:url\" content=\"https:\/\/osteopatamartina.com\/index.php\/sobre-mi\/\" \/>\n<meta property=\"og:site_name\" content=\"Osteopata Martina\" \/>\n<meta property=\"article:modified_time\" content=\"2025-09-29T08:55:28+00:00\" \/>\n<meta property=\"og:image\" content=\"https:\/\/osteopatamartina.com\/wp-content\/uploads\/2025\/09\/osteopata-martina-anteprima.jpg\" \/>\n\t<meta property=\"og:image:width\" content=\"1032\" \/>\n\t<meta property=\"og:image:height\" content=\"1580\" \/>\n\t<meta property=\"og:image:type\" content=\"image\/jpeg\" \/>\n<meta name=\"twitter:card\" content=\"summary_large_image\" \/>\n<meta name=\"twitter:label1\" content=\"Tempo di lettura stimato\" \/>\n\t<meta name=\"twitter:data1\" content=\"2 minuti\" \/>\n<script type=\"application\/ld+json\" class=\"yoast-schema-graph\">{\"@context\":\"https:\/\/schema.org\",\"@graph\":[{\"@type\":\"WebPage\",\"@id\":\"https:\/\/osteopatamartina.com\/index.php\/sobre-mi\/\",\"url\":\"https:\/\/osteopatamartina.com\/index.php\/sobre-mi\/\",\"name\":\"SOBRE MI - Osteopata Martina\",\"isPartOf\":{\"@id\":\"https:\/\/osteopatamartina.com\/#website\"},\"primaryImageOfPage\":{\"@id\":\"https:\/\/osteopatamartina.com\/index.php\/sobre-mi\/#primaryimage\"},\"image\":{\"@id\":\"https:\/\/osteopatamartina.com\/index.php\/sobre-mi\/#primaryimage\"},\"thumbnailUrl\":\"https:\/\/osteopatamartina.com\/wp-content\/uploads\/2025\/09\/osteopata-martina-anteprima.jpg\",\"datePublished\":\"2025-02-28T16:37:05+00:00\",\"dateModified\":\"2025-09-29T08:55:28+00:00\",\"description\":\"Oste\u00f3pata Martina - Oste\u00f3pata pedi\u00e1trica y para la mujer - SOBRE MI - La importancia del bienestar de cuerpo, mente y alma a 360 grados\",\"breadcrumb\":{\"@id\":\"https:\/\/osteopatamartina.com\/index.php\/sobre-mi\/#breadcrumb\"},\"inLanguage\":\"it-IT\",\"potentialAction\":[{\"@type\":\"ReadAction\",\"target\":[\"https:\/\/osteopatamartina.com\/index.php\/sobre-mi\/\"]}]},{\"@type\":\"ImageObject\",\"inLanguage\":\"it-IT\",\"@id\":\"https:\/\/osteopatamartina.com\/index.php\/sobre-mi\/#primaryimage\",\"url\":\"https:\/\/osteopatamartina.com\/wp-content\/uploads\/2025\/09\/osteopata-martina-anteprima.jpg\",\"contentUrl\":\"https:\/\/osteopatamartina.com\/wp-content\/uploads\/2025\/09\/osteopata-martina-anteprima.jpg\",\"width\":1032,\"height\":1580},{\"@type\":\"BreadcrumbList\",\"@id\":\"https:\/\/osteopatamartina.com\/index.php\/sobre-mi\/#breadcrumb\",\"itemListElement\":[{\"@type\":\"ListItem\",\"position\":1,\"name\":\"Home\",\"item\":\"https:\/\/osteopatamartina.com\/\"},{\"@type\":\"ListItem\",\"position\":2,\"name\":\"SOBRE MI\"}]},{\"@type\":\"WebSite\",\"@id\":\"https:\/\/osteopatamartina.com\/#website\",\"url\":\"https:\/\/osteopatamartina.com\/\",\"name\":\"Osteopata Martina\",\"description\":\"\",\"publisher\":{\"@id\":\"https:\/\/osteopatamartina.com\/#\/schema\/person\/5137aae0240e9080fcd213cda2603fd5\"},\"potentialAction\":[{\"@type\":\"SearchAction\",\"target\":{\"@type\":\"EntryPoint\",\"urlTemplate\":\"https:\/\/osteopatamartina.com\/?s={search_term_string}\"},\"query-input\":{\"@type\":\"PropertyValueSpecification\",\"valueRequired\":true,\"valueName\":\"search_term_string\"}}],\"inLanguage\":\"it-IT\"},{\"@type\":[\"Person\",\"Organization\"],\"@id\":\"https:\/\/osteopatamartina.com\/#\/schema\/person\/5137aae0240e9080fcd213cda2603fd5\",\"name\":\"admin\",\"image\":{\"@type\":\"ImageObject\",\"inLanguage\":\"it-IT\",\"@id\":\"https:\/\/osteopatamartina.com\/#\/schema\/person\/image\/\",\"url\":\"https:\/\/osteopatamartina.com\/wp-content\/uploads\/2025\/02\/osteopata-martina-logo.png\",\"contentUrl\":\"https:\/\/osteopatamartina.com\/wp-content\/uploads\/2025\/02\/osteopata-martina-logo.png\",\"width\":310,\"height\":329,\"caption\":\"admin\"},\"logo\":{\"@id\":\"https:\/\/osteopatamartina.com\/#\/schema\/person\/image\/\"},\"sameAs\":[\"https:\/\/osteopatamartina.com\"]}]}<\/script>\n<!-- \/ Yoast SEO plugin. -->","yoast_head_json":{"title":"SOBRE MI - Osteopata Martina","description":"Oste\u00f3pata Martina - Oste\u00f3pata pedi\u00e1trica y para la mujer - SOBRE MI - La importancia del bienestar de cuerpo, mente y alma a 360 grados","robots":{"index":"index","follow":"follow","max-snippet":"max-snippet:-1","max-image-preview":"max-image-preview:large","max-video-preview":"max-video-preview:-1"},"canonical":"https:\/\/osteopatamartina.com\/index.php\/sobre-mi\/","og_locale":"it_IT","og_type":"article","og_title":"SOBRE MI - Osteopata Martina","og_description":"Oste\u00f3pata Martina - Oste\u00f3pata pedi\u00e1trica y para la mujer - SOBRE MI - La importancia del bienestar de cuerpo, mente y alma a 360 grados","og_url":"https:\/\/osteopatamartina.com\/index.php\/sobre-mi\/","og_site_name":"Osteopata Martina","article_modified_time":"2025-09-29T08:55:28+00:00","og_image":[{"width":1032,"height":1580,"url":"https:\/\/osteopatamartina.com\/wp-content\/uploads\/2025\/09\/osteopata-martina-anteprima.jpg","type":"image\/jpeg"}],"twitter_card":"summary_large_image","twitter_misc":{"Tempo di lettura stimato":"2 minuti"},"schema":{"@context":"https:\/\/schema.org","@graph":[{"@type":"WebPage","@id":"https:\/\/osteopatamartina.com\/index.php\/sobre-mi\/","url":"https:\/\/osteopatamartina.com\/index.php\/sobre-mi\/","name":"SOBRE MI - Osteopata Martina","isPartOf":{"@id":"https:\/\/osteopatamartina.com\/#website"},"primaryImageOfPage":{"@id":"https:\/\/osteopatamartina.com\/index.php\/sobre-mi\/#primaryimage"},"image":{"@id":"https:\/\/osteopatamartina.com\/index.php\/sobre-mi\/#primaryimage"},"thumbnailUrl":"https:\/\/osteopatamartina.com\/wp-content\/uploads\/2025\/09\/osteopata-martina-anteprima.jpg","datePublished":"2025-02-28T16:37:05+00:00","dateModified":"2025-09-29T08:55:28+00:00","description":"Oste\u00f3pata Martina - Oste\u00f3pata pedi\u00e1trica y para la mujer - SOBRE MI - La importancia del bienestar de cuerpo, mente y alma a 360 grados","breadcrumb":{"@id":"https:\/\/osteopatamartina.com\/index.php\/sobre-mi\/#breadcrumb"},"inLanguage":"it-IT","potentialAction":[{"@type":"ReadAction","target":["https:\/\/osteopatamartina.com\/index.php\/sobre-mi\/"]}]},{"@type":"ImageObject","inLanguage":"it-IT","@id":"https:\/\/osteopatamartina.com\/index.php\/sobre-mi\/#primaryimage","url":"https:\/\/osteopatamartina.com\/wp-content\/uploads\/2025\/09\/osteopata-martina-anteprima.jpg","contentUrl":"https:\/\/osteopatamartina.com\/wp-content\/uploads\/2025\/09\/osteopata-martina-anteprima.jpg","width":1032,"height":1580},{"@type":"BreadcrumbList","@id":"https:\/\/osteopatamartina.com\/index.php\/sobre-mi\/#breadcrumb","itemListElement":[{"@type":"ListItem","position":1,"name":"Home","item":"https:\/\/osteopatamartina.com\/"},{"@type":"ListItem","position":2,"name":"SOBRE MI"}]},{"@type":"WebSite","@id":"https:\/\/osteopatamartina.com\/#website","url":"https:\/\/osteopatamartina.com\/","name":"Osteopata Martina","description":"","publisher":{"@id":"https:\/\/osteopatamartina.com\/#\/schema\/person\/5137aae0240e9080fcd213cda2603fd5"},"potentialAction":[{"@type":"SearchAction","target":{"@type":"EntryPoint","urlTemplate":"https:\/\/osteopatamartina.com\/?s={search_term_string}"},"query-input":{"@type":"PropertyValueSpecification","valueRequired":true,"valueName":"search_term_string"}}],"inLanguage":"it-IT"},{"@type":["Person","Organization"],"@id":"https:\/\/osteopatamartina.com\/#\/schema\/person\/5137aae0240e9080fcd213cda2603fd5","name":"admin","image":{"@type":"ImageObject","inLanguage":"it-IT","@id":"https:\/\/osteopatamartina.com\/#\/schema\/person\/image\/","url":"https:\/\/osteopatamartina.com\/wp-content\/uploads\/2025\/02\/osteopata-martina-logo.png","contentUrl":"https:\/\/osteopatamartina.com\/wp-content\/uploads\/2025\/02\/osteopata-martina-logo.png","width":310,"height":329,"caption":"admin"},"logo":{"@id":"https:\/\/osteopatamartina.com\/#\/schema\/person\/image\/"},"sameAs":["https:\/\/osteopatamartina.com"]}]}},"_links":{"self":[{"href":"https:\/\/osteopatamartina.com\/index.php\/wp-json\/wp\/v2\/pages\/780","targetHints":{"allow":["GET"]}}],"collection":[{"href":"https:\/\/osteopatamartina.com\/index.php\/wp-json\/wp\/v2\/pages"}],"about":[{"href":"https:\/\/osteopatamartina.com\/index.php\/wp-json\/wp\/v2\/types\/page"}],"author":[{"embeddable":true,"href":"https:\/\/osteopatamartina.com\/index.php\/wp-json\/wp\/v2\/users\/1"}],"replies":[{"embeddable":true,"href":"https:\/\/osteopatamartina.com\/index.php\/wp-json\/wp\/v2\/comments?post=780"}],"version-history":[{"count":2,"href":"https:\/\/osteopatamartina.com\/index.php\/wp-json\/wp\/v2\/pages\/780\/revisions"}],"predecessor-version":[{"id":782,"href":"https:\/\/osteopatamartina.com\/index.php\/wp-json\/wp\/v2\/pages\/780\/revisions\/782"}],"wp:featuredmedia":[{"embeddable":true,"href":"https:\/\/osteopatamartina.com\/index.php\/wp-json\/wp\/v2\/media\/1081"}],"wp:attachment":[{"href":"https:\/\/osteopatamartina.com\/index.php\/wp-json\/wp\/v2\/media?parent=780"}],"curies":[{"name":"wp","href":"https:\/\/api.w.org\/{rel}","templated":true}]}}