{"id":745,"date":"2025-02-28T15:48:38","date_gmt":"2025-02-28T15:48:38","guid":{"rendered":"https:\/\/osteopatamartina.com\/?page_id=745"},"modified":"2025-09-29T08:55:07","modified_gmt":"2025-09-29T08:55:07","slug":"osteopatia-pediatrica","status":"publish","type":"page","link":"https:\/\/osteopatamartina.com\/index.php\/osteopatia-pediatrica\/","title":{"rendered":"osteopatia PEDIATRICA"},"content":{"rendered":"<style>.kb-row-layout-id745_7f5db4-c0 > .kt-row-column-wrap{align-content:center;}:where(.kb-row-layout-id745_7f5db4-c0 > .kt-row-column-wrap) > .wp-block-kadence-column{justify-content:center;}.kb-row-layout-id745_7f5db4-c0 > .kt-row-column-wrap{column-gap:var(--global-kb-gap-md, 2rem);row-gap:var(--global-kb-gap-md, 2rem);max-width:var( --global-content-width, 1290px );padding-left:var(--global-content-edge-padding);padding-right:var(--global-content-edge-padding);padding-top:var(--global-kb-spacing-3xl, 6.5rem);padding-bottom:var(--global-kb-spacing-5xl, 10rem);grid-template-columns:repeat(2, minmax(0, 1fr));}.kb-row-layout-id745_7f5db4-c0 > .kt-row-layout-overlay{opacity:0.30;}.kb-row-layout-id745_7f5db4-c0 .kt-row-layout-bottom-sep{height:100px;}.kb-row-layout-id745_7f5db4-c0 .kt-row-layout-bottom-sep svg{width:100%;}.kb-row-layout-id745_7f5db4-c0 .kt-row-layout-bottom-sep svg{fill:var(--global-palette9, #ffffff)!important;}@media all and (max-width: 1024px){.kb-row-layout-id745_7f5db4-c0 > .kt-row-column-wrap{grid-template-columns:minmax(0, 1fr);}}@media all and (max-width: 1024px){.kb-row-layout-id745_7f5db4-c0 .kt-row-layout-bottom-sep{height:px;}}@media all and (max-width: 1024px){.kb-row-layout-id745_7f5db4-c0 .kt-row-layout-bottom-sep svg{width:%;}}@media all and (max-width: 767px){.kb-row-layout-id745_7f5db4-c0 > .kt-row-column-wrap{grid-template-columns:minmax(0, 1fr);}.kb-row-layout-id745_7f5db4-c0 .kt-row-layout-bottom-sep{height:px;}.kb-row-layout-id745_7f5db4-c0 .kt-row-layout-bottom-sep svg{width:%;}}.kb-row-layout-id745_7f5db4-c0 .absolute {\\n  position: absolute;\\n  width: 400px;\\n  top: -200px;\\n  right: -180px;\\n}\\n.kb-row-layout-id745_7f5db4-c0 .low-index {\\n  z-index: 1;\\n}\\n.kb-row-layout-id745_7f5db4-c0 {\\n  overflow: hidden;\\n}<\/style><div class=\"kb-row-layout-wrap kb-row-layout-id745_7f5db4-c0 alignnone has-theme-palette8-background-color kt-row-has-bg wp-block-kadence-rowlayout\"><div class=\"kt-row-layout-bottom-sep kt-row-sep-type-crvi\"><svg viewBox=\"0 0 1000 100\" preserveAspectRatio=\"none\"><path d=\"M1000,0c0,0 -270.987,98 -500,98c-229.013,0 -500,-98 -500,-98l0,100l1000,0l0,-100Z\" \/><\/svg><\/div><div class=\"kt-row-column-wrap kt-has-2-columns kt-row-layout-equal kt-tab-layout-row kt-mobile-layout-row kt-row-valign-middle kb-theme-content-width\">\n<style>.kadence-column745_845a69-19 > .kt-inside-inner-col,.kadence-column745_845a69-19 > .kt-inside-inner-col:before{border-top-left-radius:0px;border-top-right-radius:0px;border-bottom-right-radius:0px;border-bottom-left-radius:0px;}.kadence-column745_845a69-19 > .kt-inside-inner-col{column-gap:var(--global-kb-gap-sm, 1rem);}.kadence-column745_845a69-19 > .kt-inside-inner-col{flex-direction:column;}.kadence-column745_845a69-19 > .kt-inside-inner-col > .aligncenter{width:100%;}.kadence-column745_845a69-19 > .kt-inside-inner-col:before{opacity:0.3;}.kadence-column745_845a69-19{position:relative;}@media all and (max-width: 1024px){.kadence-column745_845a69-19 > .kt-inside-inner-col{flex-direction:column;}}@media all and (max-width: 767px){.kadence-column745_845a69-19 > .kt-inside-inner-col{flex-direction:column;}}<\/style>\n<div class=\"wp-block-kadence-column kadence-column745_845a69-19 inner-column-2\"><div class=\"kt-inside-inner-col\"><\/div><\/div>\n\n\n<style>.kadence-column745_612e1a-1e > .kt-inside-inner-col,.kadence-column745_612e1a-1e > .kt-inside-inner-col:before{border-top-left-radius:0px;border-top-right-radius:0px;border-bottom-right-radius:0px;border-bottom-left-radius:0px;}.kadence-column745_612e1a-1e > .kt-inside-inner-col{column-gap:var(--global-kb-gap-sm, 1rem);}.kadence-column745_612e1a-1e > .kt-inside-inner-col{flex-direction:column;}.kadence-column745_612e1a-1e > .kt-inside-inner-col > .aligncenter{width:100%;}.kadence-column745_612e1a-1e > .kt-inside-inner-col:before{opacity:0.3;}.kadence-column745_612e1a-1e{position:relative;}@media all and (max-width: 1024px){.kadence-column745_612e1a-1e > .kt-inside-inner-col{flex-direction:column;}}@media all and (max-width: 767px){.kadence-column745_612e1a-1e > .kt-inside-inner-col{flex-direction:column;}}<\/style>\n<div class=\"wp-block-kadence-column kadence-column745_612e1a-1e\"><div class=\"kt-inside-inner-col\"><\/div><\/div>\n\n<\/div><\/div>\n\n<style>.kb-row-layout-id745_fa4364-ac > .kt-row-column-wrap{align-content:start;}:where(.kb-row-layout-id745_fa4364-ac > .kt-row-column-wrap) > .wp-block-kadence-column{justify-content:start;}.kb-row-layout-id745_fa4364-ac > .kt-row-column-wrap{column-gap:var(--global-kb-gap-md, 2rem);row-gap:var(--global-kb-gap-md, 2rem);max-width:var( --global-content-width, 1290px );padding-left:var(--global-content-edge-padding);padding-right:var(--global-content-edge-padding);padding-top:var(--global-kb-spacing-4xl, 8rem);grid-template-columns:minmax(0, 1fr);}.kb-row-layout-id745_fa4364-ac > .kt-row-layout-overlay{opacity:0.30;}@media all and (max-width: 1024px){.kb-row-layout-id745_fa4364-ac > .kt-row-column-wrap{grid-template-columns:minmax(0, 1fr);}}@media all and (max-width: 767px){.kb-row-layout-id745_fa4364-ac > .kt-row-column-wrap{grid-template-columns:minmax(0, 1fr);}}<\/style><div class=\"kb-row-layout-wrap kb-row-layout-id745_fa4364-ac alignnone has-theme-palette9-background-color kt-row-has-bg wp-block-kadence-rowlayout\"><div class=\"kt-row-column-wrap kt-has-1-columns kt-row-layout-equal kt-tab-layout-inherit kt-mobile-layout-row kt-row-valign-top kb-theme-content-width\">\n<style>.kadence-column745_309988-d8 > .kt-inside-inner-col,.kadence-column745_309988-d8 > .kt-inside-inner-col:before{border-top-left-radius:0px;border-top-right-radius:0px;border-bottom-right-radius:0px;border-bottom-left-radius:0px;}.kadence-column745_309988-d8 > .kt-inside-inner-col{column-gap:var(--global-kb-gap-sm, 1rem);}.kadence-column745_309988-d8 > .kt-inside-inner-col{flex-direction:column;}.kadence-column745_309988-d8 > .kt-inside-inner-col > .aligncenter{width:100%;}.kadence-column745_309988-d8 > .kt-inside-inner-col:before{opacity:0.3;}.kadence-column745_309988-d8{position:relative;}@media all and (max-width: 1024px){.kadence-column745_309988-d8 > .kt-inside-inner-col{flex-direction:column;}}@media all and (max-width: 767px){.kadence-column745_309988-d8 > .kt-inside-inner-col{flex-direction:column;}}<\/style>\n<div class=\"wp-block-kadence-column kadence-column745_309988-d8 inner-column-1\"><div class=\"kt-inside-inner-col\"><style>.wp-block-kadence-advancedheading.kt-adv-heading745_797b79-b0, .wp-block-kadence-advancedheading.kt-adv-heading745_797b79-b0[data-kb-block=\"kb-adv-heading745_797b79-b0\"]{padding-top:0px;margin-bottom:0px;text-align:center;font-size:170px;line-height:14px;font-weight:400;font-style:normal;font-family:'Mrs Saint Delafield';text-transform:lowercase;}.wp-block-kadence-advancedheading.kt-adv-heading745_797b79-b0 mark.kt-highlight, .wp-block-kadence-advancedheading.kt-adv-heading745_797b79-b0[data-kb-block=\"kb-adv-heading745_797b79-b0\"] mark.kt-highlight{font-style:normal;color:#f76a0c;-webkit-box-decoration-break:clone;box-decoration-break:clone;padding-top:0px;padding-right:0px;padding-bottom:0px;padding-left:0px;}@media all and (max-width: 767px){.wp-block-kadence-advancedheading.kt-adv-heading745_797b79-b0, .wp-block-kadence-advancedheading.kt-adv-heading745_797b79-b0[data-kb-block=\"kb-adv-heading745_797b79-b0\"]{font-size:100px;}}<\/style>\n<h2 class=\"kt-adv-heading745_797b79-b0 wp-block-kadence-advancedheading has-theme-palette-7-color has-text-color\" data-kb-block=\"kb-adv-heading745_797b79-b0\"><br>OSTEOPAT\u00edA&nbsp;<\/h2>\n\n\n<style>.wp-block-kadence-advancedheading.kt-adv-heading745_d227e4-8b, .wp-block-kadence-advancedheading.kt-adv-heading745_d227e4-8b[data-kb-block=\"kb-adv-heading745_d227e4-8b\"]{text-align:center;font-style:normal;}.wp-block-kadence-advancedheading.kt-adv-heading745_d227e4-8b mark.kt-highlight, .wp-block-kadence-advancedheading.kt-adv-heading745_d227e4-8b[data-kb-block=\"kb-adv-heading745_d227e4-8b\"] mark.kt-highlight{font-style:normal;color:#f76a0c;-webkit-box-decoration-break:clone;box-decoration-break:clone;padding-top:0px;padding-right:0px;padding-bottom:0px;padding-left:0px;}<\/style>\n<h2 class=\"kt-adv-heading745_d227e4-8b wp-block-kadence-advancedheading\" data-kb-block=\"kb-adv-heading745_d227e4-8b\">PEDI\u00c1TRICA\u00a0<\/h2>\n\n\n\n<p class=\"has-text-align-center\"><br>\u201cObtienes incre\u00edbles resultados cuando le permites al ni\u00f1o que desarrolle todo su potencial.<br>Durante un tratamiento yo les permito que sean todo lo que pueden ser. Ellos son los que realizan la curaci\u00f3n, yo solo abro la puerta\u201d&nbsp;<br><em>Dra Viola Frymann, madre de la osteopat\u00eda pedi\u00e1trica&nbsp;<\/em><\/p>\n\n\n<style>.kb-row-layout-wrap.wp-block-kadence-rowlayout.kb-row-layout-id745_bfe295-ed{margin-top:60px;}.kb-row-layout-id745_bfe295-ed > .kt-row-column-wrap{align-content:center;}:where(.kb-row-layout-id745_bfe295-ed > .kt-row-column-wrap) > .wp-block-kadence-column{justify-content:center;}.kb-row-layout-id745_bfe295-ed > .kt-row-column-wrap{column-gap:80px;row-gap:var(--global-kb-gap-md, 2rem);padding-top:0px;padding-right:25px;padding-bottom:187px;padding-left:25px;grid-template-columns:repeat(2, minmax(0, 1fr));}.kb-row-layout-id745_bfe295-ed > .kt-row-layout-overlay{opacity:0.30;}@media all and (max-width: 1024px){.kb-row-layout-id745_bfe295-ed > .kt-row-column-wrap{grid-template-columns:repeat(2, minmax(0, 1fr));}}@media all and (max-width: 767px){.kb-row-layout-id745_bfe295-ed > .kt-row-column-wrap{padding-right:20px;padding-left:20px;grid-template-columns:minmax(0, 1fr);}}<\/style><div class=\"kb-row-layout-wrap kb-row-layout-id745_bfe295-ed alignnone has-theme-palette9-background-color kt-row-has-bg wp-block-kadence-rowlayout\"><div class=\"kt-row-column-wrap kt-has-2-columns kt-row-layout-equal kt-tab-layout-inherit kt-mobile-layout-row kt-row-valign-middle\">\n<style>.kadence-column745_6a8595-7b > .kt-inside-inner-col,.kadence-column745_6a8595-7b > .kt-inside-inner-col:before{border-top-left-radius:0px;border-top-right-radius:0px;border-bottom-right-radius:0px;border-bottom-left-radius:0px;}.kadence-column745_6a8595-7b > .kt-inside-inner-col{column-gap:var(--global-kb-gap-sm, 1rem);}.kadence-column745_6a8595-7b > .kt-inside-inner-col{flex-direction:column;}.kadence-column745_6a8595-7b > .kt-inside-inner-col > .aligncenter{width:100%;}.kadence-column745_6a8595-7b > .kt-inside-inner-col:before{opacity:0.3;}.kadence-column745_6a8595-7b{position:relative;}@media all and (max-width: 1024px){.kadence-column745_6a8595-7b > .kt-inside-inner-col{flex-direction:column;}}@media all and (max-width: 767px){.kadence-column745_6a8595-7b > .kt-inside-inner-col{flex-direction:column;}}<\/style>\n<div class=\"wp-block-kadence-column kadence-column745_6a8595-7b inner-column-2\"><div class=\"kt-inside-inner-col\">\n<figure class=\"wp-block-image size-large\"><img loading=\"lazy\" decoding=\"async\" width=\"1024\" height=\"716\" src=\"https:\/\/osteopatamartina.com\/wp-content\/uploads\/2025\/02\/osteopatia-pediatrica-1024x716.jpg\" alt=\"\" class=\"wp-image-680\" srcset=\"https:\/\/osteopatamartina.com\/wp-content\/uploads\/2025\/02\/osteopatia-pediatrica-1024x716.jpg 1024w, https:\/\/osteopatamartina.com\/wp-content\/uploads\/2025\/02\/osteopatia-pediatrica-300x210.jpg 300w, https:\/\/osteopatamartina.com\/wp-content\/uploads\/2025\/02\/osteopatia-pediatrica-768x537.jpg 768w, https:\/\/osteopatamartina.com\/wp-content\/uploads\/2025\/02\/osteopatia-pediatrica-1536x1073.jpg 1536w, https:\/\/osteopatamartina.com\/wp-content\/uploads\/2025\/02\/osteopatia-pediatrica-2048x1431.jpg 2048w\" sizes=\"auto, (max-width: 1024px) 100vw, 1024px\" \/><\/figure>\n<\/div><\/div>\n\n\n<style>.kadence-column745_f44e25-30 > .kt-inside-inner-col,.kadence-column745_f44e25-30 > .kt-inside-inner-col:before{border-top-left-radius:0px;border-top-right-radius:0px;border-bottom-right-radius:0px;border-bottom-left-radius:0px;}.kadence-column745_f44e25-30 > .kt-inside-inner-col{column-gap:var(--global-kb-gap-sm, 1rem);}.kadence-column745_f44e25-30 > .kt-inside-inner-col{flex-direction:column;}.kadence-column745_f44e25-30 > .kt-inside-inner-col > .aligncenter{width:100%;}.kadence-column745_f44e25-30 > .kt-inside-inner-col:before{opacity:0.3;}.kadence-column745_f44e25-30{position:relative;}@media all and (max-width: 1024px){.kadence-column745_f44e25-30 > .kt-inside-inner-col{flex-direction:column;}}@media all and (max-width: 767px){.kadence-column745_f44e25-30 > .kt-inside-inner-col{flex-direction:column;}}<\/style>\n<div class=\"wp-block-kadence-column kadence-column745_f44e25-30\"><div class=\"kt-inside-inner-col\">\n<p>La osteopat\u00eda es una medicina alternativa con enfoque holistico, que se ocupa de tratar las tensiones del cuerpo que est\u00e1n limitando el potencial de salud de la persona. La osteopat\u00eda para beb\u00e9s es eficaz en detectar y trabajar las tensiones en el cuerpo del beb\u00e9 debido al embarazo, al parto o alg\u00fan trauma. El objetivo es ayudar el sistema del ni\u00f1o a ser capaz de auto regularse y as\u00ed mejorar su bienestar.<br><br>Las molestias mas comunes que podemos tratar con la osteopat\u00eda son: s\u00edntomas de c\u00f3licos y reflujo, dificultad en la lactancia (dolor al agarre, agarre superficial, tensiones en la mand\u00edbula, beb\u00e9s que se cansan mamando, que chasquean al pecho o al biber\u00f3n\u2026) y tambi\u00e9n dolor de o\u00eddo, plagiocefalia, irritabilidad, sue\u00f1o dif\u00edcil, trastornos del desarrollo, asimetr\u00edas posturales.<br><br>Las t\u00e9cnicas osteop\u00e1ticas para los beb\u00e9s son muy suaves y nunca dolorosas.<br><br>Adem\u00e1s, la osteopat\u00eda puede equilibrar el sistema nervioso simp\u00e1tico y parasimpatico, para mejorar por ejemplo la digesti\u00f3n y el sue\u00f1o.&nbsp;<\/p>\n<\/div><\/div>\n\n<\/div><\/div><\/div><\/div>\n\n<\/div><\/div>\n\n\n<p><\/p>\n","protected":false},"excerpt":{"rendered":"<p>OSTEOPAT\u00edA&nbsp; PEDI\u00c1TRICA\u00a0 \u201cObtienes incre\u00edbles resultados cuando le permites al ni\u00f1o que desarrolle todo su potencial.Durante un tratamiento yo les permito que sean todo lo que pueden ser. Ellos son los&#8230;<\/p>\n","protected":false},"author":1,"featured_media":1081,"parent":0,"menu_order":0,"comment_status":"closed","ping_status":"closed","template":"","meta":{"_EventAllDay":false,"_EventTimezone":"","_EventStartDate":"","_EventEndDate":"","_EventStartDateUTC":"","_EventEndDateUTC":"","_EventShowMap":false,"_EventShowMapLink":false,"_EventURL":"","_EventCost":"","_EventCostDescription":"","_EventCurrencySymbol":"","_EventCurrencyCode":"","_EventCurrencyPosition":"","_EventDateTimeSeparator":"","_EventTimeRangeSeparator":"","_EventOrganizerID":[],"_EventVenueID":[],"_OrganizerEmail":"","_OrganizerPhone":"","_OrganizerWebsite":"","_VenueAddress":"","_VenueCity":"","_VenueCountry":"","_VenueProvince":"","_VenueState":"","_VenueZip":"","_VenuePhone":"","_VenueURL":"","_VenueStateProvince":"","_VenueLat":"","_VenueLng":"","_VenueShowMap":false,"_VenueShowMapLink":false,"_kadence_starter_templates_imported_post":true,"_kad_post_transparent":"","_kad_post_title":"hide","_kad_post_layout":"fullwidth","_kad_post_sidebar_id":"","_kad_post_content_style":"unboxed","_kad_post_vertical_padding":"hide","_kad_post_feature":"hide","_kad_post_feature_position":"","_kad_post_header":false,"_kad_post_footer":false,"footnotes":""},"class_list":["post-745","page","type-page","status-publish","has-post-thumbnail","hentry"],"yoast_head":"<!-- This site is optimized with the Yoast SEO plugin v24.6 - https:\/\/yoast.com\/wordpress\/plugins\/seo\/ -->\n<title>OSTEOPAT\u00cdA PEDIATRICA - Osteopata Martina<\/title>\n<meta name=\"description\" content=\"Oste\u00f3pata Martina - Oste\u00f3pata pedi\u00e1trica y para la mujer - OSTEOPAT\u00cdA PEDIATRICA\" \/>\n<meta name=\"robots\" content=\"index, follow, max-snippet:-1, max-image-preview:large, max-video-preview:-1\" \/>\n<link rel=\"canonical\" href=\"https:\/\/osteopatamartina.com\/index.php\/osteopatia-pediatrica\/\" \/>\n<meta property=\"og:locale\" content=\"it_IT\" \/>\n<meta property=\"og:type\" content=\"article\" \/>\n<meta property=\"og:title\" content=\"OSTEOPAT\u00cdA PEDIATRICA - Osteopata Martina\" \/>\n<meta property=\"og:description\" content=\"Oste\u00f3pata Martina - Oste\u00f3pata pedi\u00e1trica y para la mujer - OSTEOPAT\u00cdA PEDIATRICA\" \/>\n<meta property=\"og:url\" content=\"https:\/\/osteopatamartina.com\/index.php\/osteopatia-pediatrica\/\" \/>\n<meta property=\"og:site_name\" content=\"Osteopata Martina\" \/>\n<meta property=\"article:modified_time\" content=\"2025-09-29T08:55:07+00:00\" \/>\n<meta property=\"og:image\" content=\"https:\/\/osteopatamartina.com\/wp-content\/uploads\/2025\/09\/osteopata-martina-anteprima.jpg\" \/>\n\t<meta property=\"og:image:width\" content=\"1032\" \/>\n\t<meta property=\"og:image:height\" content=\"1580\" \/>\n\t<meta property=\"og:image:type\" content=\"image\/jpeg\" \/>\n<meta name=\"twitter:card\" content=\"summary_large_image\" \/>\n<meta name=\"twitter:label1\" content=\"Tempo di lettura stimato\" \/>\n\t<meta name=\"twitter:data1\" content=\"2 minuti\" \/>\n<script type=\"application\/ld+json\" class=\"yoast-schema-graph\">{\"@context\":\"https:\/\/schema.org\",\"@graph\":[{\"@type\":\"WebPage\",\"@id\":\"https:\/\/osteopatamartina.com\/index.php\/osteopatia-pediatrica\/\",\"url\":\"https:\/\/osteopatamartina.com\/index.php\/osteopatia-pediatrica\/\",\"name\":\"OSTEOPAT\u00cdA PEDIATRICA - Osteopata Martina\",\"isPartOf\":{\"@id\":\"https:\/\/osteopatamartina.com\/#website\"},\"primaryImageOfPage\":{\"@id\":\"https:\/\/osteopatamartina.com\/index.php\/osteopatia-pediatrica\/#primaryimage\"},\"image\":{\"@id\":\"https:\/\/osteopatamartina.com\/index.php\/osteopatia-pediatrica\/#primaryimage\"},\"thumbnailUrl\":\"https:\/\/osteopatamartina.com\/wp-content\/uploads\/2025\/09\/osteopata-martina-anteprima.jpg\",\"datePublished\":\"2025-02-28T15:48:38+00:00\",\"dateModified\":\"2025-09-29T08:55:07+00:00\",\"description\":\"Oste\u00f3pata Martina - Oste\u00f3pata pedi\u00e1trica y para la mujer - OSTEOPAT\u00cdA PEDIATRICA\",\"breadcrumb\":{\"@id\":\"https:\/\/osteopatamartina.com\/index.php\/osteopatia-pediatrica\/#breadcrumb\"},\"inLanguage\":\"it-IT\",\"potentialAction\":[{\"@type\":\"ReadAction\",\"target\":[\"https:\/\/osteopatamartina.com\/index.php\/osteopatia-pediatrica\/\"]}]},{\"@type\":\"ImageObject\",\"inLanguage\":\"it-IT\",\"@id\":\"https:\/\/osteopatamartina.com\/index.php\/osteopatia-pediatrica\/#primaryimage\",\"url\":\"https:\/\/osteopatamartina.com\/wp-content\/uploads\/2025\/09\/osteopata-martina-anteprima.jpg\",\"contentUrl\":\"https:\/\/osteopatamartina.com\/wp-content\/uploads\/2025\/09\/osteopata-martina-anteprima.jpg\",\"width\":1032,\"height\":1580},{\"@type\":\"BreadcrumbList\",\"@id\":\"https:\/\/osteopatamartina.com\/index.php\/osteopatia-pediatrica\/#breadcrumb\",\"itemListElement\":[{\"@type\":\"ListItem\",\"position\":1,\"name\":\"Home\",\"item\":\"https:\/\/osteopatamartina.com\/\"},{\"@type\":\"ListItem\",\"position\":2,\"name\":\"osteopatia PEDIATRICA\"}]},{\"@type\":\"WebSite\",\"@id\":\"https:\/\/osteopatamartina.com\/#website\",\"url\":\"https:\/\/osteopatamartina.com\/\",\"name\":\"Osteopata Martina\",\"description\":\"\",\"publisher\":{\"@id\":\"https:\/\/osteopatamartina.com\/#\/schema\/person\/5137aae0240e9080fcd213cda2603fd5\"},\"potentialAction\":[{\"@type\":\"SearchAction\",\"target\":{\"@type\":\"EntryPoint\",\"urlTemplate\":\"https:\/\/osteopatamartina.com\/?s={search_term_string}\"},\"query-input\":{\"@type\":\"PropertyValueSpecification\",\"valueRequired\":true,\"valueName\":\"search_term_string\"}}],\"inLanguage\":\"it-IT\"},{\"@type\":[\"Person\",\"Organization\"],\"@id\":\"https:\/\/osteopatamartina.com\/#\/schema\/person\/5137aae0240e9080fcd213cda2603fd5\",\"name\":\"admin\",\"image\":{\"@type\":\"ImageObject\",\"inLanguage\":\"it-IT\",\"@id\":\"https:\/\/osteopatamartina.com\/#\/schema\/person\/image\/\",\"url\":\"https:\/\/osteopatamartina.com\/wp-content\/uploads\/2025\/02\/osteopata-martina-logo.png\",\"contentUrl\":\"https:\/\/osteopatamartina.com\/wp-content\/uploads\/2025\/02\/osteopata-martina-logo.png\",\"width\":310,\"height\":329,\"caption\":\"admin\"},\"logo\":{\"@id\":\"https:\/\/osteopatamartina.com\/#\/schema\/person\/image\/\"},\"sameAs\":[\"https:\/\/osteopatamartina.com\"]}]}<\/script>\n<!-- \/ Yoast SEO plugin. -->","yoast_head_json":{"title":"OSTEOPAT\u00cdA PEDIATRICA - Osteopata Martina","description":"Oste\u00f3pata Martina - Oste\u00f3pata pedi\u00e1trica y para la mujer - OSTEOPAT\u00cdA PEDIATRICA","robots":{"index":"index","follow":"follow","max-snippet":"max-snippet:-1","max-image-preview":"max-image-preview:large","max-video-preview":"max-video-preview:-1"},"canonical":"https:\/\/osteopatamartina.com\/index.php\/osteopatia-pediatrica\/","og_locale":"it_IT","og_type":"article","og_title":"OSTEOPAT\u00cdA PEDIATRICA - Osteopata Martina","og_description":"Oste\u00f3pata Martina - Oste\u00f3pata pedi\u00e1trica y para la mujer - OSTEOPAT\u00cdA PEDIATRICA","og_url":"https:\/\/osteopatamartina.com\/index.php\/osteopatia-pediatrica\/","og_site_name":"Osteopata Martina","article_modified_time":"2025-09-29T08:55:07+00:00","og_image":[{"width":1032,"height":1580,"url":"https:\/\/osteopatamartina.com\/wp-content\/uploads\/2025\/09\/osteopata-martina-anteprima.jpg","type":"image\/jpeg"}],"twitter_card":"summary_large_image","twitter_misc":{"Tempo di lettura stimato":"2 minuti"},"schema":{"@context":"https:\/\/schema.org","@graph":[{"@type":"WebPage","@id":"https:\/\/osteopatamartina.com\/index.php\/osteopatia-pediatrica\/","url":"https:\/\/osteopatamartina.com\/index.php\/osteopatia-pediatrica\/","name":"OSTEOPAT\u00cdA PEDIATRICA - Osteopata Martina","isPartOf":{"@id":"https:\/\/osteopatamartina.com\/#website"},"primaryImageOfPage":{"@id":"https:\/\/osteopatamartina.com\/index.php\/osteopatia-pediatrica\/#primaryimage"},"image":{"@id":"https:\/\/osteopatamartina.com\/index.php\/osteopatia-pediatrica\/#primaryimage"},"thumbnailUrl":"https:\/\/osteopatamartina.com\/wp-content\/uploads\/2025\/09\/osteopata-martina-anteprima.jpg","datePublished":"2025-02-28T15:48:38+00:00","dateModified":"2025-09-29T08:55:07+00:00","description":"Oste\u00f3pata Martina - Oste\u00f3pata pedi\u00e1trica y para la mujer - OSTEOPAT\u00cdA PEDIATRICA","breadcrumb":{"@id":"https:\/\/osteopatamartina.com\/index.php\/osteopatia-pediatrica\/#breadcrumb"},"inLanguage":"it-IT","potentialAction":[{"@type":"ReadAction","target":["https:\/\/osteopatamartina.com\/index.php\/osteopatia-pediatrica\/"]}]},{"@type":"ImageObject","inLanguage":"it-IT","@id":"https:\/\/osteopatamartina.com\/index.php\/osteopatia-pediatrica\/#primaryimage","url":"https:\/\/osteopatamartina.com\/wp-content\/uploads\/2025\/09\/osteopata-martina-anteprima.jpg","contentUrl":"https:\/\/osteopatamartina.com\/wp-content\/uploads\/2025\/09\/osteopata-martina-anteprima.jpg","width":1032,"height":1580},{"@type":"BreadcrumbList","@id":"https:\/\/osteopatamartina.com\/index.php\/osteopatia-pediatrica\/#breadcrumb","itemListElement":[{"@type":"ListItem","position":1,"name":"Home","item":"https:\/\/osteopatamartina.com\/"},{"@type":"ListItem","position":2,"name":"osteopatia PEDIATRICA"}]},{"@type":"WebSite","@id":"https:\/\/osteopatamartina.com\/#website","url":"https:\/\/osteopatamartina.com\/","name":"Osteopata Martina","description":"","publisher":{"@id":"https:\/\/osteopatamartina.com\/#\/schema\/person\/5137aae0240e9080fcd213cda2603fd5"},"potentialAction":[{"@type":"SearchAction","target":{"@type":"EntryPoint","urlTemplate":"https:\/\/osteopatamartina.com\/?s={search_term_string}"},"query-input":{"@type":"PropertyValueSpecification","valueRequired":true,"valueName":"search_term_string"}}],"inLanguage":"it-IT"},{"@type":["Person","Organization"],"@id":"https:\/\/osteopatamartina.com\/#\/schema\/person\/5137aae0240e9080fcd213cda2603fd5","name":"admin","image":{"@type":"ImageObject","inLanguage":"it-IT","@id":"https:\/\/osteopatamartina.com\/#\/schema\/person\/image\/","url":"https:\/\/osteopatamartina.com\/wp-content\/uploads\/2025\/02\/osteopata-martina-logo.png","contentUrl":"https:\/\/osteopatamartina.com\/wp-content\/uploads\/2025\/02\/osteopata-martina-logo.png","width":310,"height":329,"caption":"admin"},"logo":{"@id":"https:\/\/osteopatamartina.com\/#\/schema\/person\/image\/"},"sameAs":["https:\/\/osteopatamartina.com"]}]}},"_links":{"self":[{"href":"https:\/\/osteopatamartina.com\/index.php\/wp-json\/wp\/v2\/pages\/745","targetHints":{"allow":["GET"]}}],"collection":[{"href":"https:\/\/osteopatamartina.com\/index.php\/wp-json\/wp\/v2\/pages"}],"about":[{"href":"https:\/\/osteopatamartina.com\/index.php\/wp-json\/wp\/v2\/types\/page"}],"author":[{"embeddable":true,"href":"https:\/\/osteopatamartina.com\/index.php\/wp-json\/wp\/v2\/users\/1"}],"replies":[{"embeddable":true,"href":"https:\/\/osteopatamartina.com\/index.php\/wp-json\/wp\/v2\/comments?post=745"}],"version-history":[{"count":7,"href":"https:\/\/osteopatamartina.com\/index.php\/wp-json\/wp\/v2\/pages\/745\/revisions"}],"predecessor-version":[{"id":919,"href":"https:\/\/osteopatamartina.com\/index.php\/wp-json\/wp\/v2\/pages\/745\/revisions\/919"}],"wp:featuredmedia":[{"embeddable":true,"href":"https:\/\/osteopatamartina.com\/index.php\/wp-json\/wp\/v2\/media\/1081"}],"wp:attachment":[{"href":"https:\/\/osteopatamartina.com\/index.php\/wp-json\/wp\/v2\/media?parent=745"}],"curies":[{"name":"wp","href":"https:\/\/api.w.org\/{rel}","templated":true}]}}